{"id":356,"date":"2019-02-11T14:36:38","date_gmt":"2019-02-11T13:36:38","guid":{"rendered":"https:\/\/www.medart.pl\/o-klinice\/"},"modified":"2023-02-07T15:06:02","modified_gmt":"2023-02-07T14:06:02","slug":"ueber-unsere-klinik","status":"publish","type":"page","link":"https:\/\/medart.pl\/de\/ueber-unsere-klinik\/","title":{"rendered":"\u00dcber unsere klinik"},"content":{"rendered":"\n<p><strong>Unsere Klinik spezialisiert sich auf die Diagnostik und Behandlung der Unfruchtbarkeit. Schon 18 Jahre lang begleiten wir unsere Patienten in ihren Bem\u00fchungen, ein Kind zu bekommen. Wir haben es vielen Paaren erm\u00f6glicht, gl\u00fcckliche Eltern zu werden, indem wir ihnen unsere fachliche Hilfe von der ersten Konsultation an bis zur gl\u00fccklichen Entbindung anbieten.<br><\/strong><br>Die hohe Schwangerschaftsanzeige unter den Patienten der MedART \u2013Klinik ist ein Ergebnis der Arbeit von erfahrenen Spezialisten, die bei den Eingriffen und bei der Therapie die modernste medizinische Apparatur verwenden, die nur in wenigen Kliniken in unserem Land zu finden ist. Dank dessen geh\u00f6ren wir zu den h\u00f6chst gesch\u00e4tzten Kliniken der Unfruchtbarkeitsbehandlung in Polen, die sich eines sehr guten Rufes unter den Patienten und gro\u00dfen Vertrauens der zusammenarbeitenden \u00c4rzte erfreut.<br><br>Das Personal unserer Klinik wurde so gew\u00e4hlt, dass wir den Bed\u00fcrfnissen der m\u00f6glichst gr\u00f6\u00dften Anzahl der Patienten entgegenkommen k\u00f6nnen. Da es viele Methoden der Unfruchtbarkeitsbehandlung gibt, tun wir unser Bestes, um jedem Paar professionelle, ihrer gesundheitlichen Lage angepasste Pflege zu gew\u00e4hren.<br><br>\u00c4rzte:<\/p>\n\n\n\n<ul><li>dr n. med. TOMASZ \u017bAK<\/li><li>dr n. med. BEATA KUBIACZYK-PALUCH<\/li><li>dr n. med. PIOTR SZYMA\u0143SKI<\/li><li>dr n. med. ANDRZEJ BR\u0118BOROWICZ<\/li><li>dr n. med. GRZEGORZ KRUSZY\u0143SKI<\/li><li>prof. dr hab.n.med. GRZEGORZ H. BR\u0118BOROWICZ<\/li><li>dr n. med. AGNIESZKA SK\u00d3RZEWSKA<\/li><li>dr n.med. PAWE\u0141 KUTKOWSKI<\/li><li>dr n.med. GRZEGORZ NOWOCIE\u0143<\/li><li>Prof. dr Jan. n. med GRZEGORZ DWORACKI\u00a0<\/li><\/ul>\n\n\n\n<p>Psychologe:<\/p>\n\n\n\n<ul><li>dr n. med. MARTA CZARNECKA-IWA\u0143CZUK<\/li><\/ul>\n\n\n\n<p>BIOLOGEN:<\/p>\n\n\n\n<ul><li>mgr in\u017c. KAMILA HRYNIEWICZ, embriolog kliniczny<\/li><li>dr BEATA ORSZTYNOWICZ, genetyk molekularny<\/li><\/ul>\n\n\n\n<ul><li>mgr in\u017c. KAMILA HRYNIEWICZ, starszy embriolog kliniczny ESHRE<\/li><li>dr BEATA ORSZTYNOWICZ, genetyk molekularny<\/li><li>mgr JOANNA ZAWORSKA<\/li><li>mgr in\u017c. MA\u0141GORZATA KR\u00d3L<\/li><li>mgr MARTA KOCIK<\/li><\/ul>\n\n\n\n<p>Hebammen:<\/p>\n\n\n\n<ul><li>ADRIANNA SZWAJKOWSKA<\/li><li>AGNIESZKA HORSZCZARUK<\/li><\/ul>\n\n\n\n<p>Krankenpflegerin:<\/p>\n\n\n\n<ul><li>DOROTA PIG\u0141A<\/li><li>IWONA PERS<\/li><li>RENATA MIKO\u0141AJCZAK<\/li><\/ul>\n\n\n\n<p>Anmeldung:<\/p>\n\n\n\n<ul><li>IZABELA WEGNER<\/li><li>MARIA ANDERSZ<\/li><li>NATALIA SIADAK<\/li><li>SYLWIA NOWAK<\/li><li>ALEKSANDRA K\u0118PKA<\/li><\/ul>\n\n\n\n<figure class=\"is-layout-flex wp-block-gallery-1 wp-block-gallery columns-3 is-cropped\"><ul class=\"blocks-gallery-grid wp-block-gallery\"><li class=\"blocks-gallery-item\"><figure><img decoding=\"async\" loading=\"lazy\" width=\"1024\" height=\"672\" src=\"https:\/\/www.medart.pl\/wp-content\/uploads\/2019\/09\/IMG_0480-1024x672.jpg\" alt=\"\" data-id=\"319\" data-link=\"https:\/\/www.medart.pl\/o-klinice\/img_0480\/\" class=\"wp-image-319\" srcset=\"https:\/\/medart.pl\/wp-content\/uploads\/2019\/09\/IMG_0480-1024x672.jpg 1024w, https:\/\/medart.pl\/wp-content\/uploads\/2019\/09\/IMG_0480-300x197.jpg 300w, https:\/\/medart.pl\/wp-content\/uploads\/2019\/09\/IMG_0480-768x504.jpg 768w, https:\/\/medart.pl\/wp-content\/uploads\/2019\/09\/IMG_0480-200x131.jpg 200w\" sizes=\"(max-width: 1024px) 100vw, 1024px\" \/><\/figure><\/li><li class=\"blocks-gallery-item\"><figure><img decoding=\"async\" loading=\"lazy\" width=\"1024\" height=\"684\" src=\"https:\/\/www.medart.pl\/wp-content\/uploads\/2019\/09\/IMG_0488-1024x684.jpg\" alt=\"\" data-id=\"310\" data-link=\"https:\/\/www.medart.pl\/o-klinice\/img_0488\/\" class=\"wp-image-310\" srcset=\"https:\/\/medart.pl\/wp-content\/uploads\/2019\/09\/IMG_0488-1024x684.jpg 1024w, https:\/\/medart.pl\/wp-content\/uploads\/2019\/09\/IMG_0488-300x200.jpg 300w, https:\/\/medart.pl\/wp-content\/uploads\/2019\/09\/IMG_0488-768x513.jpg 768w, https:\/\/medart.pl\/wp-content\/uploads\/2019\/09\/IMG_0488-200x134.jpg 200w\" sizes=\"(max-width: 1024px) 100vw, 1024px\" \/><\/figure><\/li><li class=\"blocks-gallery-item\"><figure><img decoding=\"async\" loading=\"lazy\" width=\"754\" height=\"1024\" src=\"https:\/\/www.medart.pl\/wp-content\/uploads\/2019\/09\/IMG_0494-1-754x1024.jpg\" alt=\"\" data-id=\"316\" data-link=\"https:\/\/www.medart.pl\/o-klinice\/img_0494-2\/\" class=\"wp-image-316\" srcset=\"https:\/\/medart.pl\/wp-content\/uploads\/2019\/09\/IMG_0494-1-754x1024.jpg 754w, https:\/\/medart.pl\/wp-content\/uploads\/2019\/09\/IMG_0494-1-221x300.jpg 221w, https:\/\/medart.pl\/wp-content\/uploads\/2019\/09\/IMG_0494-1-768x1043.jpg 768w, https:\/\/medart.pl\/wp-content\/uploads\/2019\/09\/IMG_0494-1-200x272.jpg 200w, https:\/\/medart.pl\/wp-content\/uploads\/2019\/09\/IMG_0494-1.jpg 1618w\" sizes=\"(max-width: 754px) 100vw, 754px\" \/><\/figure><\/li><li class=\"blocks-gallery-item\"><figure><img decoding=\"async\" loading=\"lazy\" width=\"1024\" height=\"760\" src=\"https:\/\/www.medart.pl\/wp-content\/uploads\/2019\/09\/IMG_0495-1-1024x760.jpg\" alt=\"\" data-id=\"313\" data-link=\"https:\/\/www.medart.pl\/o-klinice\/img_0495-2\/\" class=\"wp-image-313\" srcset=\"https:\/\/medart.pl\/wp-content\/uploads\/2019\/09\/IMG_0495-1-1024x760.jpg 1024w, https:\/\/medart.pl\/wp-content\/uploads\/2019\/09\/IMG_0495-1-300x223.jpg 300w, https:\/\/medart.pl\/wp-content\/uploads\/2019\/09\/IMG_0495-1-768x570.jpg 768w, https:\/\/medart.pl\/wp-content\/uploads\/2019\/09\/IMG_0495-1-200x148.jpg 200w\" sizes=\"(max-width: 1024px) 100vw, 1024px\" \/><\/figure><\/li><\/ul><\/figure>\n","protected":false},"excerpt":{"rendered":"<p>Unsere Klinik spezialisiert sich auf die Diagnostik und Behandlung der Unfruchtbarkeit. Schon 18 Jahre lang begleiten wir unsere Patienten in ihren Bem\u00fchungen, ein Kind zu bekommen. Wir haben es vielen Paaren erm\u00f6glicht, gl\u00fcckliche Eltern zu werden, indem wir ihnen unsere fachliche Hilfe von der ersten Konsultation an bis zur gl\u00fccklichen Entbindung anbieten.Die hohe Schwangerschaftsanzeige unter [&hellip;]<\/p>\n","protected":false},"author":1,"featured_media":0,"parent":0,"menu_order":0,"comment_status":"closed","ping_status":"closed","template":"","meta":[],"acf":[],"_links":{"self":[{"href":"https:\/\/medart.pl\/de\/wp-json\/wp\/v2\/pages\/356"}],"collection":[{"href":"https:\/\/medart.pl\/de\/wp-json\/wp\/v2\/pages"}],"about":[{"href":"https:\/\/medart.pl\/de\/wp-json\/wp\/v2\/types\/page"}],"author":[{"embeddable":true,"href":"https:\/\/medart.pl\/de\/wp-json\/wp\/v2\/users\/1"}],"replies":[{"embeddable":true,"href":"https:\/\/medart.pl\/de\/wp-json\/wp\/v2\/comments?post=356"}],"version-history":[{"count":11,"href":"https:\/\/medart.pl\/de\/wp-json\/wp\/v2\/pages\/356\/revisions"}],"predecessor-version":[{"id":501,"href":"https:\/\/medart.pl\/de\/wp-json\/wp\/v2\/pages\/356\/revisions\/501"}],"wp:attachment":[{"href":"https:\/\/medart.pl\/de\/wp-json\/wp\/v2\/media?parent=356"}],"curies":[{"name":"wp","href":"https:\/\/api.w.org\/{rel}","templated":true}]}}