{"id":370,"date":"2019-02-18T21:37:48","date_gmt":"2019-02-18T20:37:48","guid":{"rendered":"https:\/\/www.medart.pl\/medart\/nowi-pacjenci\/"},"modified":"2021-04-25T10:17:21","modified_gmt":"2021-04-25T08:17:21","slug":"neue-patienten","status":"publish","type":"page","link":"https:\/\/medart.pl\/de\/medart\/neue-patienten\/","title":{"rendered":"Neue Patienten"},"content":{"rendered":"\n<p><strong>Nach der Weltgesundheitsorganisation (WHO) wird die Unfruchtbarkeit festgestellt, wenn es bei dem gegebenen Paar zu keiner Schwangerschaft kommt trotz regelm\u00e4\u00dfigen Geschlechtsverkehrs (2-3 Mal pro Woche) mindestens ein Jahr lang bei gleichzeitigem Verzicht auf die Anwendung von jeglichen schwangerschaftsverh\u00fctenden Mitteln.<\/strong><br><br>Die h\u00e4ufigsten Ursachen der Unfruchtbarkeit sind solche Faktoren, wie: gest\u00f6rte Ovulation oder deren Ausbleiben, Eierleiterverschluss, fortgeschrittenes Alter der Frau und zu kleine Anzahl von Spermien im Ejakulat. Es ist dabei betonenswert, dass das Problem der Unfruchtbarkeit im gleichen Ausma\u00df Frauen wie M\u00e4nner betrifft. In etwa 40% der F\u00e4lle sind es die Dysfunktionen des m\u00e4nnlichen Organismus, die es der Frau unm\u00f6glich machen, schwanger zu werden. Aus diesem Grund soll der Mann am Behandlungsvorgang im gleichen Ausma\u00df beteiligt sein, wie die Frau. Bevor sich jedoch das Paar der Behandlung unterzieht, soll es die folgenden Hinweise befolgen, die die Chance der Frau vergr\u00f6\u00dfern, schwanger zu werden.<\/p>\n\n\n\n<ul><li>Gesund leben (entsprechende Di\u00e4t k\u00f6rperliche Aktivit\u00e4t)<\/li><li>Zigaretten und Alkohol vermeiden<\/li><li>Koffeinkonsum beschr\u00e4nken<\/li><li>Beim Geschlechtsverkehr keine Lubrikanten verwenden<\/li><li>\u00dcberhitzung der Hoden vermeiden (zum Beispiel lockere Unterw\u00e4sche tragen)<\/li><li>Sich mit den Nebenwirkungen der eingenommenen Medikamentevertraut machen<\/li><\/ul>\n\n\n\n<p>Falls jedoch trotz der Befolgung der obigen Hinweise die erwartete Schwangerschaft ausbleibt, soll der erste Schritt der beiden Partner sein, einen Termin beim Arzt auszumachen und die Grunduntersuchungen durchzuf\u00fchren. Dann soll die Frau sich von einem Gyn\u00e4kologen&nbsp; und der Mann von einem Andrologen beraten lassen<\/p>\n","protected":false},"excerpt":{"rendered":"<p>Nach der Weltgesundheitsorganisation (WHO) wird die Unfruchtbarkeit festgestellt, wenn es bei dem gegebenen Paar zu keiner Schwangerschaft kommt trotz regelm\u00e4\u00dfigen Geschlechtsverkehrs (2-3 Mal pro Woche) mindestens ein Jahr lang bei gleichzeitigem Verzicht auf die Anwendung von jeglichen schwangerschaftsverh\u00fctenden Mitteln. Die h\u00e4ufigsten Ursachen der Unfruchtbarkeit sind solche Faktoren, wie: gest\u00f6rte Ovulation oder deren Ausbleiben, Eierleiterverschluss, fortgeschrittenes [&hellip;]<\/p>\n","protected":false},"author":1,"featured_media":0,"parent":365,"menu_order":0,"comment_status":"closed","ping_status":"closed","template":"page-with-testimonials.php","meta":[],"acf":[],"_links":{"self":[{"href":"https:\/\/medart.pl\/de\/wp-json\/wp\/v2\/pages\/370"}],"collection":[{"href":"https:\/\/medart.pl\/de\/wp-json\/wp\/v2\/pages"}],"about":[{"href":"https:\/\/medart.pl\/de\/wp-json\/wp\/v2\/types\/page"}],"author":[{"embeddable":true,"href":"https:\/\/medart.pl\/de\/wp-json\/wp\/v2\/users\/1"}],"replies":[{"embeddable":true,"href":"https:\/\/medart.pl\/de\/wp-json\/wp\/v2\/comments?post=370"}],"version-history":[{"count":3,"href":"https:\/\/medart.pl\/de\/wp-json\/wp\/v2\/pages\/370\/revisions"}],"predecessor-version":[{"id":374,"href":"https:\/\/medart.pl\/de\/wp-json\/wp\/v2\/pages\/370\/revisions\/374"}],"up":[{"embeddable":true,"href":"https:\/\/medart.pl\/de\/wp-json\/wp\/v2\/pages\/365"}],"wp:attachment":[{"href":"https:\/\/medart.pl\/de\/wp-json\/wp\/v2\/media?parent=370"}],"curies":[{"name":"wp","href":"https:\/\/api.w.org\/{rel}","templated":true}]}}