{"id":376,"date":"2019-02-18T21:59:02","date_gmt":"2019-02-18T20:59:02","guid":{"rendered":"https:\/\/www.medart.pl\/medart\/probowalismy-wszystkiego\/"},"modified":"2021-04-25T10:28:04","modified_gmt":"2021-04-25T08:28:04","slug":"wir-haben-schon-alles-versucht","status":"publish","type":"page","link":"https:\/\/medart.pl\/de\/medart\/wir-haben-schon-alles-versucht\/","title":{"rendered":"Wir haben schon alles versucht"},"content":{"rendered":"\n<p><strong>Obwohl die Unfruchtbarkeit in 95% der F\u00e4lle geheilt werden kann, k\u00f6nnen viele Paare, die sich einer Therapie unterziehen kein Kind empfangen. Manchmal resultiert das aus der Langwierigkeit des Behandlungsprozesses, der sogar \u00fcber ein Jahr dauern kann.<\/strong><\/p>\n\n\n\n<p>Manchmal resultiert jedoch der ausbleibende Erfolg aus der vom Arzt falsch gestellten Diagnose und einer ungeeigneten Therapie, die sich als keine richtige Wahl f\u00fcr das gegebene Paar erweisen kann. Wenn die Schwangerschaft l\u00e4nger ausbleibt, ist es angeraten den Rat eines anderen Arztes einzuholen, der imstande sein wird, eine an die Bed\u00fcrfnisse des Patienten besser angepasste L\u00f6sung zu finden. In vielen F\u00e4llen kann allein die \u00c4nderung der Behandlungsmethode mit einer Schwangerschaft resultieren.<\/p>\n\n\n\n<p>Falls jedoch keine von den bisherigen Methoden mit einem Erfolg endete, kann jedes Paar es in Erw\u00e4gung ziehen, sich dem Eingriff der In-vitro-Befruchtung zu unterziehen. Sie beruht darauf, dass der Frau ihre Eizellen entnommen werden und in einem Labor mit den Spermien des Partners zusammengebracht werden. Die auf diese Weise entstandenen Embryos werden in die Geb\u00e4rmutter transferiert, wo sie bei ungest\u00f6rter Entwicklung zum Anfang eines neuen Lebens werden.<\/p>\n\n\n\n<p>Die Erfolgschancen der In-vitro-Methode bewegen sich zwischen 30 bis 40 Prozent pro Zyklus. Da jedoch bei den meisten Paaren eine gr\u00f6\u00dfere Anzahl von Embryos entsteht, als die zu transferierenden 1-2, erh\u00f6ht deren Anwendung bei sp\u00e4teren Zyklen die Erfolgsamkeit der IVF-Methode um die n\u00e4chsten 20-25%.<\/p>\n","protected":false},"excerpt":{"rendered":"<p>Obwohl die Unfruchtbarkeit in 95% der F\u00e4lle geheilt werden kann, k\u00f6nnen viele Paare, die sich einer Therapie unterziehen kein Kind empfangen. Manchmal resultiert das aus der Langwierigkeit des Behandlungsprozesses, der sogar \u00fcber ein Jahr dauern kann. Manchmal resultiert jedoch der ausbleibende Erfolg aus der vom Arzt falsch gestellten Diagnose und einer ungeeigneten Therapie, die sich [&hellip;]<\/p>\n","protected":false},"author":1,"featured_media":0,"parent":365,"menu_order":0,"comment_status":"closed","ping_status":"closed","template":"page-with-testimonials.php","meta":[],"acf":[],"_links":{"self":[{"href":"https:\/\/medart.pl\/de\/wp-json\/wp\/v2\/pages\/376"}],"collection":[{"href":"https:\/\/medart.pl\/de\/wp-json\/wp\/v2\/pages"}],"about":[{"href":"https:\/\/medart.pl\/de\/wp-json\/wp\/v2\/types\/page"}],"author":[{"embeddable":true,"href":"https:\/\/medart.pl\/de\/wp-json\/wp\/v2\/users\/1"}],"replies":[{"embeddable":true,"href":"https:\/\/medart.pl\/de\/wp-json\/wp\/v2\/comments?post=376"}],"version-history":[{"count":4,"href":"https:\/\/medart.pl\/de\/wp-json\/wp\/v2\/pages\/376\/revisions"}],"predecessor-version":[{"id":441,"href":"https:\/\/medart.pl\/de\/wp-json\/wp\/v2\/pages\/376\/revisions\/441"}],"up":[{"embeddable":true,"href":"https:\/\/medart.pl\/de\/wp-json\/wp\/v2\/pages\/365"}],"wp:attachment":[{"href":"https:\/\/medart.pl\/de\/wp-json\/wp\/v2\/media?parent=376"}],"curies":[{"name":"wp","href":"https:\/\/api.w.org\/{rel}","templated":true}]}}