{"id":385,"date":"2019-02-18T22:02:37","date_gmt":"2019-02-18T21:02:37","guid":{"rendered":"https:\/\/www.medart.pl\/medart\/nieudane-in-vitro\/"},"modified":"2021-04-25T10:15:51","modified_gmt":"2021-04-25T08:15:51","slug":"misslungene-in-vitro-befruchtung","status":"publish","type":"page","link":"https:\/\/medart.pl\/de\/medart\/misslungene-in-vitro-befruchtung\/","title":{"rendered":"Misslungene In-vitro-Befruchtung"},"content":{"rendered":"\n<p>Ein misslungener Versuch der In-vitro-Befruchtung bedeutet keineswegs dass f\u00fcr das Paar keine Chance mehr besteht, ein Kind zu empfangen, weil statistisch gesehen nur jeder dritte oder jeder vierte In-vitro-Versuch eine Schwangerschaft zur Folge hat. Zum Gl\u00fcck gibt es keine medizinischen Gegenanzeigen, den Eingriff mehrmals durchzuf\u00fchren. Umso mehr, es gibt keine Gr\u00fcnde, die die Patienten zwingen k\u00f6nnten, die Behandlung in einer Klinik fortzusetzen, mit der sie nicht zufrieden sind.<\/p>\n\n\n\n<p>Man muss sich jedoch dessen bewusst sein, dass die gr\u00f6\u00dften Chancen der Befruchtung mit dieser Methode bei den ersten drei Versuchen bestehen. F\u00fcr die weiteren Eingriffe ist ihre abnehmende Wirksamkeit leider typisch. Deshalb ist es gut zu wissen, ob die von uns gew\u00e4hlte Klinik \u00fcber die modernsten medizinischen Vorrichtungen und \u00fcber ein erfahrenes \u00c4rzteteam verf\u00fcgt. Fachliche Hilfe auf dem h\u00f6chsten Niveau kann die Schwangerschaft wesentlich beschleunigen oder gar erm\u00f6glichen.<\/p>\n","protected":false},"excerpt":{"rendered":"<p>Ein misslungener Versuch der In-vitro-Befruchtung bedeutet keineswegs dass f\u00fcr das Paar keine Chance mehr besteht, ein Kind zu empfangen, weil statistisch gesehen nur jeder dritte oder jeder vierte In-vitro-Versuch eine Schwangerschaft zur Folge hat. Zum Gl\u00fcck gibt es keine medizinischen Gegenanzeigen, den Eingriff mehrmals durchzuf\u00fchren. Umso mehr, es gibt keine Gr\u00fcnde, die die Patienten zwingen [&hellip;]<\/p>\n","protected":false},"author":1,"featured_media":0,"parent":365,"menu_order":0,"comment_status":"closed","ping_status":"closed","template":"page-with-testimonials.php","meta":[],"acf":[],"_links":{"self":[{"href":"https:\/\/medart.pl\/de\/wp-json\/wp\/v2\/pages\/385"}],"collection":[{"href":"https:\/\/medart.pl\/de\/wp-json\/wp\/v2\/pages"}],"about":[{"href":"https:\/\/medart.pl\/de\/wp-json\/wp\/v2\/types\/page"}],"author":[{"embeddable":true,"href":"https:\/\/medart.pl\/de\/wp-json\/wp\/v2\/users\/1"}],"replies":[{"embeddable":true,"href":"https:\/\/medart.pl\/de\/wp-json\/wp\/v2\/comments?post=385"}],"version-history":[{"count":2,"href":"https:\/\/medart.pl\/de\/wp-json\/wp\/v2\/pages\/385\/revisions"}],"predecessor-version":[{"id":387,"href":"https:\/\/medart.pl\/de\/wp-json\/wp\/v2\/pages\/385\/revisions\/387"}],"up":[{"embeddable":true,"href":"https:\/\/medart.pl\/de\/wp-json\/wp\/v2\/pages\/365"}],"wp:attachment":[{"href":"https:\/\/medart.pl\/de\/wp-json\/wp\/v2\/media?parent=385"}],"curies":[{"name":"wp","href":"https:\/\/api.w.org\/{rel}","templated":true}]}}